{"id":175,"date":"2026-03-16T16:49:53","date_gmt":"2026-03-16T16:49:53","guid":{"rendered":"https:\/\/marlyandco.com\/?page_id=175"},"modified":"2026-03-16T17:04:53","modified_gmt":"2026-03-16T17:04:53","slug":"contact","status":"publish","type":"page","link":"https:\/\/marlyandco.com\/index.php\/contact\/","title":{"rendered":"Contactez-nous"},"content":{"rendered":"\n<div class=\"wp-block-cover alignfull\"><img loading=\"lazy\" decoding=\"async\" width=\"1024\" height=\"757\" class=\"wp-block-cover__image-background wp-image-181\" alt=\"\" src=\"https:\/\/marlyandco.com\/wp-content\/uploads\/2026\/03\/image3-cropped-1024x757.jpeg\" style=\"object-position:47% 93%\" data-object-fit=\"cover\" data-object-position=\"47% 93%\" srcset=\"https:\/\/marlyandco.com\/wp-content\/uploads\/2026\/03\/image3-cropped-1024x757.jpeg 1024w, https:\/\/marlyandco.com\/wp-content\/uploads\/2026\/03\/image3-cropped-300x222.jpeg 300w, https:\/\/marlyandco.com\/wp-content\/uploads\/2026\/03\/image3-cropped-768x568.jpeg 768w, https:\/\/marlyandco.com\/wp-content\/uploads\/2026\/03\/image3-cropped.jpeg 1100w\" sizes=\"auto, (max-width: 1024px) 100vw, 1024px\" \/><span aria-hidden=\"true\" class=\"wp-block-cover__background has-background-dim\"><\/span><div class=\"wp-block-cover__inner-container is-layout-flow wp-block-cover-is-layout-flow\">\n<p class=\"has-text-align-center has-large-font-size\">L&#8217;aventure Marly &amp; Co vient de d\u00e9marrer. En attendant de mettre en place les outils n\u00e9cessaires pour pouvoir commander directement sur le site internet, vous pouvez me contacter par e-mail \u00e0 l&#8217;adresse <a href=\"mailto:contact@marlyandco.com\" data-type=\"mailto\" data-id=\"mailto:contact@marlyandco.com\">contact@marlyandco.com <\/a>ou sur Instagram <a href=\"https:\/\/www.instagram.com\/marlyandco.pets?igsh=MW5tOGRmeHJtOTA0cQ%3D%3D&amp;utm_source=qr\">@marlyandco.pets<\/a>. <\/p>\n<\/div><\/div>\n\n\n\n<div class=\"wp-block-group alignfull has-global-padding is-layout-constrained wp-block-group-is-layout-constrained\"><\/div>\n","protected":false},"excerpt":{"rendered":"","protected":false},"author":1,"featured_media":0,"parent":0,"menu_order":0,"comment_status":"closed","ping_status":"closed","template":"","meta":{"footnotes":""},"class_list":["post-175","page","type-page","status-publish","hentry"],"_links":{"self":[{"href":"https:\/\/marlyandco.com\/index.php\/wp-json\/wp\/v2\/pages\/175","targetHints":{"allow":["GET"]}}],"collection":[{"href":"https:\/\/marlyandco.com\/index.php\/wp-json\/wp\/v2\/pages"}],"about":[{"href":"https:\/\/marlyandco.com\/index.php\/wp-json\/wp\/v2\/types\/page"}],"author":[{"embeddable":true,"href":"https:\/\/marlyandco.com\/index.php\/wp-json\/wp\/v2\/users\/1"}],"replies":[{"embeddable":true,"href":"https:\/\/marlyandco.com\/index.php\/wp-json\/wp\/v2\/comments?post=175"}],"version-history":[{"count":3,"href":"https:\/\/marlyandco.com\/index.php\/wp-json\/wp\/v2\/pages\/175\/revisions"}],"predecessor-version":[{"id":182,"href":"https:\/\/marlyandco.com\/index.php\/wp-json\/wp\/v2\/pages\/175\/revisions\/182"}],"wp:attachment":[{"href":"https:\/\/marlyandco.com\/index.php\/wp-json\/wp\/v2\/media?parent=175"}],"curies":[{"name":"wp","href":"https:\/\/api.w.org\/{rel}","templated":true}]}}