{"id":155,"date":"2026-03-16T15:48:32","date_gmt":"2026-03-16T15:48:32","guid":{"rendered":"https:\/\/marlyandco.com\/?page_id=155"},"modified":"2026-03-23T20:43:29","modified_gmt":"2026-03-23T20:43:29","slug":"a-propos","status":"publish","type":"page","link":"https:\/\/marlyandco.com\/index.php\/a-propos\/","title":{"rendered":"Notre histoire&#8230;"},"content":{"rendered":"\n<p class=\"has-medium-font-size\">Bonjour, je m&#8217;appelle Cl\u00e9mence. Depuis toujours, les animaux occupent une place essentielle dans ma vie. Leur sensibilit\u00e9, leur fid\u00e9lit\u00e9 et leur joie de vivre sont une source d\u2019inspiration quotidienne. En parall\u00e8le, j\u2019ai toujours eu une \u00e2me cr\u00e9ative et un profond amour pour les objets faits avec soin, pens\u00e9s pour \u00eatre \u00e0 la fois beaux et utiles.<\/p>\n\n\n\n<p class=\"has-medium-font-size\">C\u2019est tout naturellement que j\u2019ai d\u00e9cid\u00e9 de r\u00e9unir ces deux passions en cr\u00e9ant des colliers et des laisses pour chiens, des accessoires uniques qui allient esth\u00e9tique, qualit\u00e9 et amour des animaux. Chaque cr\u00e9ation est imagin\u00e9e avec attention, dans le respect du confort et du bien\u2011\u00eatre de nos compagnons \u00e0 quatre pattes.<\/p>\n\n\n\n<p class=\"has-medium-font-size\">Le nom de cette aventure est aussi un hommage tr\u00e8s personnel. Il rend hommage \u00e0 Marly, notre beagle de famille, qui nous a accompagn\u00e9s pendant 13 merveilleuses ann\u00e9es et qui nous a quitt\u00e9s l\u2019an dernier. Marly a marqu\u00e9 nos vies \u00e0 jamais, et \u00e0 travers chaque cr\u00e9ation, son souvenir continue de vivre.<\/p>\n\n\n\n<figure class=\"wp-block-image aligncenter size-full is-resized wp-duotone-unset-1\"><img loading=\"lazy\" decoding=\"async\" width=\"480\" height=\"640\" src=\"http:\/\/marlyandco.com\/wp-content\/uploads\/2026\/03\/marly1-rotated.jpg\" alt=\"\" class=\"wp-image-158\" style=\"width:421px;height:auto\" srcset=\"https:\/\/marlyandco.com\/wp-content\/uploads\/2026\/03\/marly1-rotated.jpg 480w, https:\/\/marlyandco.com\/wp-content\/uploads\/2026\/03\/marly1-225x300.jpg 225w\" sizes=\"auto, (max-width: 480px) 100vw, 480px\" \/><\/figure>\n\n\n\n<p><\/p>\n\n\n\n<p><\/p>\n","protected":false},"excerpt":{"rendered":"<p>Bonjour, je m&#8217;appelle Cl\u00e9mence. Depuis toujours, les animaux occupent une place essentielle dans ma vie. Leur sensibilit\u00e9, leur fid\u00e9lit\u00e9 et leur joie de vivre sont une source d\u2019inspiration quotidienne. En parall\u00e8le, j\u2019ai toujours eu une \u00e2me cr\u00e9ative et un profond amour pour les objets faits avec soin, pens\u00e9s pour \u00eatre \u00e0 la fois beaux et [&hellip;]<\/p>\n","protected":false},"author":1,"featured_media":0,"parent":0,"menu_order":0,"comment_status":"closed","ping_status":"closed","template":"","meta":{"footnotes":""},"class_list":["post-155","page","type-page","status-publish","hentry"],"_links":{"self":[{"href":"https:\/\/marlyandco.com\/index.php\/wp-json\/wp\/v2\/pages\/155","targetHints":{"allow":["GET"]}}],"collection":[{"href":"https:\/\/marlyandco.com\/index.php\/wp-json\/wp\/v2\/pages"}],"about":[{"href":"https:\/\/marlyandco.com\/index.php\/wp-json\/wp\/v2\/types\/page"}],"author":[{"embeddable":true,"href":"https:\/\/marlyandco.com\/index.php\/wp-json\/wp\/v2\/users\/1"}],"replies":[{"embeddable":true,"href":"https:\/\/marlyandco.com\/index.php\/wp-json\/wp\/v2\/comments?post=155"}],"version-history":[{"count":6,"href":"https:\/\/marlyandco.com\/index.php\/wp-json\/wp\/v2\/pages\/155\/revisions"}],"predecessor-version":[{"id":299,"href":"https:\/\/marlyandco.com\/index.php\/wp-json\/wp\/v2\/pages\/155\/revisions\/299"}],"wp:attachment":[{"href":"https:\/\/marlyandco.com\/index.php\/wp-json\/wp\/v2\/media?parent=155"}],"curies":[{"name":"wp","href":"https:\/\/api.w.org\/{rel}","templated":true}]}}