{"id":140,"date":"2026-03-16T15:21:06","date_gmt":"2026-03-16T15:21:06","guid":{"rendered":"https:\/\/marlyandco.com\/?page_id=140"},"modified":"2026-03-23T20:06:59","modified_gmt":"2026-03-23T20:06:59","slug":"laisse-en-paracorde","status":"publish","type":"page","link":"https:\/\/marlyandco.com\/index.php\/laisse-en-paracorde\/","title":{"rendered":"Laisse en Paracorde tress\u00e9e avec poign\u00e9e en biothane"},"content":{"rendered":"\n<div class=\"wp-block-columns alignfull is-layout-flex wp-container-core-columns-is-layout-9c22b1e3 wp-block-columns-is-layout-flex\">\n<div class=\"wp-block-column is-vertically-aligned-center has-global-padding is-layout-constrained wp-container-core-column-is-layout-a35945ca wp-block-column-is-layout-constrained\" style=\"padding-top:var(--wp--preset--spacing--30);padding-right:var(--wp--preset--spacing--30);padding-bottom:var(--wp--preset--spacing--30);padding-left:var(--wp--preset--spacing--30)\">\n<div class=\"wp-block-group is-layout-flow wp-block-group-is-layout-flow\">\n<figure class=\"wp-block-gallery aligncenter has-nested-images columns-default is-cropped wp-block-gallery-1 is-layout-flex wp-block-gallery-is-layout-flex\">\n<figure class=\"wp-block-image size-large\"><img loading=\"lazy\" decoding=\"async\" width=\"683\" height=\"1024\" data-id=\"55\" src=\"https:\/\/marlyandco.com\/wp-content\/uploads\/2026\/03\/image7-683x1024.jpeg\" alt=\"\" class=\"wp-image-55\" style=\"aspect-ratio:4\/3\" srcset=\"https:\/\/marlyandco.com\/wp-content\/uploads\/2026\/03\/image7-683x1024.jpeg 683w, https:\/\/marlyandco.com\/wp-content\/uploads\/2026\/03\/image7-200x300.jpeg 200w, https:\/\/marlyandco.com\/wp-content\/uploads\/2026\/03\/image7-768x1152.jpeg 768w, https:\/\/marlyandco.com\/wp-content\/uploads\/2026\/03\/image7-1024x1536.jpeg 1024w, https:\/\/marlyandco.com\/wp-content\/uploads\/2026\/03\/image7.jpeg 1280w\" sizes=\"auto, (max-width: 683px) 100vw, 683px\" \/><\/figure>\n\n\n\n<figure class=\"wp-block-image size-large\"><img loading=\"lazy\" decoding=\"async\" width=\"683\" height=\"1024\" data-id=\"61\" src=\"https:\/\/marlyandco.com\/wp-content\/uploads\/2026\/03\/image8-683x1024.jpeg\" alt=\"\" class=\"wp-image-61\" style=\"aspect-ratio:4\/3\" srcset=\"https:\/\/marlyandco.com\/wp-content\/uploads\/2026\/03\/image8-683x1024.jpeg 683w, https:\/\/marlyandco.com\/wp-content\/uploads\/2026\/03\/image8-200x300.jpeg 200w, https:\/\/marlyandco.com\/wp-content\/uploads\/2026\/03\/image8-768x1152.jpeg 768w, https:\/\/marlyandco.com\/wp-content\/uploads\/2026\/03\/image8-1024x1536.jpeg 1024w, https:\/\/marlyandco.com\/wp-content\/uploads\/2026\/03\/image8.jpeg 1280w\" sizes=\"auto, (max-width: 683px) 100vw, 683px\" \/><\/figure>\n<\/figure>\n<\/div>\n\n\n\n<p style=\"margin-right:var(--wp--preset--spacing--80);margin-left:var(--wp--preset--spacing--80)\">Nos laisses en&nbsp;<strong>paracorde tress\u00e9e avec poign\u00e9e en biothane<\/strong>&nbsp;allient&nbsp;<strong>solidit\u00e9, confort et \u00e9l\u00e9gance&nbsp;<\/strong>pour vous accompagner au quotidien. D\u2019une longueur de&nbsp;<strong>1m50<\/strong>, elles offrent un bon compromis entre libert\u00e9 et contr\u00f4le lors des promenades.<\/p>\n\n\n\n<p style=\"margin-right:var(--wp--preset--spacing--80);margin-left:var(--wp--preset--spacing--80)\">Chaque laisse est r\u00e9alis\u00e9e avec une&nbsp;<strong>paracorde tress\u00e9e r\u00e9sistante<\/strong>&nbsp;et une&nbsp;<strong>poign\u00e9e en biothane&nbsp;<\/strong>agr\u00e9able en main, pratique et facile \u00e0 entretenir. Cette combinaison permet de cr\u00e9er une laisse fiable, durable et esth\u00e9tique, pens\u00e9e pour un usage r\u00e9gulier.&nbsp;<\/p>\n\n\n\n<p style=\"margin-right:var(--wp--preset--spacing--80);margin-left:var(--wp--preset--spacing--80)\">Vous pouvez personnaliser votre mod\u00e8le en choisissant la&nbsp;<strong>couleur<\/strong>&nbsp;ainsi que la&nbsp;<strong>bouclerie<\/strong>&nbsp;:&nbsp;<strong>laiton<\/strong>&nbsp;ou&nbsp;<strong>acier inoxydable<\/strong>.<\/p>\n\n\n\n<p style=\"margin-right:var(--wp--preset--spacing--80);margin-left:var(--wp--preset--spacing--80)\">Chaque pi\u00e8ce est confectionn\u00e9e avec attention afin de proposer une laisse aussi belle que pratique, adapt\u00e9e aux promenades de tous les jours.<\/p>\n\n\n\n<p><\/p>\n\n\n\n<p class=\"has-text-align-center has-text-color has-link-color popmake-211 wp-elements-edb9f69af404a22d6cffcbfb5b4c16ac\" style=\"color:#3153aa;font-size:clamp(14px, 0.875rem + ((1vw - 3.2px) * 0.208), 16px);text-decoration:underline;text-transform:uppercase\"><em>Clique ici pour voir les couleurs disponibles<\/em><\/p>\n\n\n\n<p><\/p>\n\n\n\n<p class=\"has-text-align-center has-text-color has-link-color has-medium-font-size wp-elements-1c61c746421e4a96284e1a9d37ae9247\" style=\"color:#3153aa\"><strong>Tailles et tarifs<\/strong><\/p>\n\n\n\n<figure class=\"wp-block-table is-style-regular\" style=\"margin-top:0;margin-right:var(--wp--preset--spacing--80);margin-bottom:0;margin-left:var(--wp--preset--spacing--80);font-size:clamp(14px, 0.875rem + ((1vw - 3.2px) * 0.208), 16px);\"><table class=\"has-theme-1-background-color has-background has-fixed-layout\" style=\"border-width:1px\"><tbody><tr><td class=\"has-text-align-center\" data-align=\"center\"><strong>Taille<\/strong><\/td><td class=\"has-text-align-center\" data-align=\"center\"><strong>Dimensions<\/strong><\/td><td class=\"has-text-align-center\" data-align=\"center\"><strong>Tarif<\/strong><\/td><\/tr><tr><td class=\"has-text-align-center\" data-align=\"center\">Taille unique<\/td><td class=\"has-text-align-center\" data-align=\"center\">1m50<\/td><td class=\"has-text-align-center\" data-align=\"center\">53 \u20ac<\/td><\/tr><\/tbody><\/table><\/figure>\n\n\n\n<p class=\"has-text-align-center\" style=\"font-size:13px\"><em>Tous tarifs sont en euros et inclus le TVA et les frais de livraison<\/em><\/p>\n\n\n\n<div class=\"wp-block-buttons is-content-justification-center is-layout-flex wp-container-core-buttons-is-layout-a89b3969 wp-block-buttons-is-layout-flex\">\n<div class=\"wp-block-button is-style-outline is-style-outline--2\"><a class=\"wp-block-button__link has-text-align-center wp-element-button\" href=\"http:\/\/www.marlyandco.com\/#notreselection\">RETOUR<\/a><\/div>\n<\/div>\n<\/div>\n<\/div>\n","protected":false},"excerpt":{"rendered":"<p>Nos laisses en&nbsp;paracorde tress\u00e9e avec poign\u00e9e en biothane&nbsp;allient&nbsp;solidit\u00e9, confort et \u00e9l\u00e9gance&nbsp;pour vous accompagner au quotidien. D\u2019une longueur de&nbsp;1m50, elles offrent un bon compromis entre libert\u00e9 et contr\u00f4le lors des promenades. Chaque laisse est r\u00e9alis\u00e9e avec une&nbsp;paracorde tress\u00e9e r\u00e9sistante&nbsp;et une&nbsp;poign\u00e9e en biothane&nbsp;agr\u00e9able en main, pratique et facile \u00e0 entretenir. Cette combinaison permet de cr\u00e9er une laisse [&hellip;]<\/p>\n","protected":false},"author":1,"featured_media":0,"parent":0,"menu_order":0,"comment_status":"closed","ping_status":"closed","template":"","meta":{"footnotes":""},"class_list":["post-140","page","type-page","status-publish","hentry"],"_links":{"self":[{"href":"https:\/\/marlyandco.com\/index.php\/wp-json\/wp\/v2\/pages\/140","targetHints":{"allow":["GET"]}}],"collection":[{"href":"https:\/\/marlyandco.com\/index.php\/wp-json\/wp\/v2\/pages"}],"about":[{"href":"https:\/\/marlyandco.com\/index.php\/wp-json\/wp\/v2\/types\/page"}],"author":[{"embeddable":true,"href":"https:\/\/marlyandco.com\/index.php\/wp-json\/wp\/v2\/users\/1"}],"replies":[{"embeddable":true,"href":"https:\/\/marlyandco.com\/index.php\/wp-json\/wp\/v2\/comments?post=140"}],"version-history":[{"count":8,"href":"https:\/\/marlyandco.com\/index.php\/wp-json\/wp\/v2\/pages\/140\/revisions"}],"predecessor-version":[{"id":279,"href":"https:\/\/marlyandco.com\/index.php\/wp-json\/wp\/v2\/pages\/140\/revisions\/279"}],"wp:attachment":[{"href":"https:\/\/marlyandco.com\/index.php\/wp-json\/wp\/v2\/media?parent=140"}],"curies":[{"name":"wp","href":"https:\/\/api.w.org\/{rel}","templated":true}]}}