{"id":132,"date":"2026-03-16T15:14:35","date_gmt":"2026-03-16T15:14:35","guid":{"rendered":"https:\/\/marlyandco.com\/?page_id=132"},"modified":"2026-03-23T20:12:03","modified_gmt":"2026-03-23T20:12:03","slug":"collier-simple-biothane1","status":"publish","type":"page","link":"https:\/\/marlyandco.com\/index.php\/collier-simple-biothane1\/","title":{"rendered":"Collier Simple Biothane"},"content":{"rendered":"\n<figure class=\"wp-block-gallery has-nested-images columns-5 is-cropped wp-block-gallery-1 is-layout-flex wp-block-gallery-is-layout-flex\">\n<figure class=\"wp-block-image size-large is-style-default\"><img loading=\"lazy\" decoding=\"async\" width=\"682\" height=\"1024\" data-id=\"135\" src=\"https:\/\/marlyandco.com\/wp-content\/uploads\/2026\/03\/image12-3-682x1024.jpeg\" alt=\"\" class=\"wp-image-135\" srcset=\"https:\/\/marlyandco.com\/wp-content\/uploads\/2026\/03\/image12-3-682x1024.jpeg 682w, https:\/\/marlyandco.com\/wp-content\/uploads\/2026\/03\/image12-3-200x300.jpeg 200w, https:\/\/marlyandco.com\/wp-content\/uploads\/2026\/03\/image12-3-768x1152.jpeg 768w, https:\/\/marlyandco.com\/wp-content\/uploads\/2026\/03\/image12-3-1024x1536.jpeg 1024w, https:\/\/marlyandco.com\/wp-content\/uploads\/2026\/03\/image12-3.jpeg 1065w\" sizes=\"auto, (max-width: 682px) 100vw, 682px\" \/><\/figure>\n\n\n\n<figure class=\"wp-block-image size-large\"><img loading=\"lazy\" decoding=\"async\" width=\"682\" height=\"1024\" data-id=\"85\" src=\"https:\/\/marlyandco.com\/wp-content\/uploads\/2026\/03\/image10-682x1024.jpeg\" alt=\"\" class=\"wp-image-85\" srcset=\"https:\/\/marlyandco.com\/wp-content\/uploads\/2026\/03\/image10-682x1024.jpeg 682w, https:\/\/marlyandco.com\/wp-content\/uploads\/2026\/03\/image10-200x300.jpeg 200w, https:\/\/marlyandco.com\/wp-content\/uploads\/2026\/03\/image10-768x1152.jpeg 768w, https:\/\/marlyandco.com\/wp-content\/uploads\/2026\/03\/image10.jpeg 993w\" sizes=\"auto, (max-width: 682px) 100vw, 682px\" \/><\/figure>\n\n\n\n<figure class=\"wp-block-image size-large\"><img loading=\"lazy\" decoding=\"async\" width=\"683\" height=\"1024\" data-id=\"84\" src=\"https:\/\/marlyandco.com\/wp-content\/uploads\/2026\/03\/image13-1-683x1024.jpeg\" alt=\"\" class=\"wp-image-84\" srcset=\"https:\/\/marlyandco.com\/wp-content\/uploads\/2026\/03\/image13-1-683x1024.jpeg 683w, https:\/\/marlyandco.com\/wp-content\/uploads\/2026\/03\/image13-1-200x300.jpeg 200w, https:\/\/marlyandco.com\/wp-content\/uploads\/2026\/03\/image13-1-768x1152.jpeg 768w, https:\/\/marlyandco.com\/wp-content\/uploads\/2026\/03\/image13-1-1024x1536.jpeg 1024w, https:\/\/marlyandco.com\/wp-content\/uploads\/2026\/03\/image13-1-rotated.jpeg 1280w\" sizes=\"auto, (max-width: 683px) 100vw, 683px\" \/><\/figure>\n\n\n\n<figure class=\"wp-block-image size-large\"><img loading=\"lazy\" decoding=\"async\" width=\"683\" height=\"1024\" data-id=\"83\" src=\"https:\/\/marlyandco.com\/wp-content\/uploads\/2026\/03\/image13-683x1024.jpeg\" alt=\"\" class=\"wp-image-83\" srcset=\"https:\/\/marlyandco.com\/wp-content\/uploads\/2026\/03\/image13-683x1024.jpeg 683w, https:\/\/marlyandco.com\/wp-content\/uploads\/2026\/03\/image13-200x300.jpeg 200w, https:\/\/marlyandco.com\/wp-content\/uploads\/2026\/03\/image13-768x1152.jpeg 768w, https:\/\/marlyandco.com\/wp-content\/uploads\/2026\/03\/image13-1024x1536.jpeg 1024w, https:\/\/marlyandco.com\/wp-content\/uploads\/2026\/03\/image13-rotated.jpeg 1280w\" sizes=\"auto, (max-width: 683px) 100vw, 683px\" \/><\/figure>\n\n\n\n<figure class=\"wp-block-image size-large\"><img loading=\"lazy\" decoding=\"async\" width=\"682\" height=\"1024\" data-id=\"81\" src=\"https:\/\/marlyandco.com\/wp-content\/uploads\/2026\/03\/image12-2-682x1024.jpeg\" alt=\"\" class=\"wp-image-81\" srcset=\"https:\/\/marlyandco.com\/wp-content\/uploads\/2026\/03\/image12-2-682x1024.jpeg 682w, https:\/\/marlyandco.com\/wp-content\/uploads\/2026\/03\/image12-2-200x300.jpeg 200w, https:\/\/marlyandco.com\/wp-content\/uploads\/2026\/03\/image12-2-768x1152.jpeg 768w, https:\/\/marlyandco.com\/wp-content\/uploads\/2026\/03\/image12-2-1024x1536.jpeg 1024w, https:\/\/marlyandco.com\/wp-content\/uploads\/2026\/03\/image12-2.jpeg 1065w\" sizes=\"auto, (max-width: 682px) 100vw, 682px\" \/><\/figure>\n<\/figure>\n\n\n\n<div class=\"wp-block-group has-global-padding is-layout-constrained wp-block-group-is-layout-constrained\">\n<p>Nos colliers simples en biothane sont con\u00e7us pour allier&nbsp;<strong>\u00e9l\u00e9gance, confort et praticit\u00e9<\/strong>&nbsp;au quotidien. R\u00e9alis\u00e9s sur mesure, ils sont disponibles en&nbsp;<strong>taille et couleur au choix<\/strong>, afin de s\u2019adapter parfaitement \u00e0 votre chien et \u00e0 vos envies.<\/p>\n<\/div>\n\n\n\n<p>Vous pouvez \u00e9galement choisir la&nbsp;<strong>bouclerie<\/strong>&nbsp;selon vos pr\u00e9f\u00e9rences :&nbsp;<strong>laiton<\/strong>&nbsp;ou&nbsp;<strong>acier inoxydable<\/strong>.<\/p>\n\n\n\n<p>Le biothane est une mati\u00e8re tr\u00e8s appr\u00e9ci\u00e9e pour ses nombreuses qualit\u00e9s. Souple, r\u00e9sistant et agr\u00e9able en main, il ne craint ni l\u2019eau ni l\u2019humidit\u00e9. Il se nettoie tr\u00e8s facilement, ne retient pas les odeurs et offre une excellente tenue dans le temps.<\/p>\n\n\n\n<p>Chaque collier est fabriqu\u00e9 avec soin pour proposer un accessoire \u00e0 la fois durable, confortable et adapt\u00e9 au quotidien de votre chien.<\/p>\n\n\n\n<p class=\"has-text-align-center has-text-color has-link-color popmake-211 wp-elements-8a95c24c9dd4e57220bb96983858e0b8\" style=\"color:#3153aa;font-size:clamp(14px, 0.875rem + ((1vw - 3.2px) * 0.208), 16px);text-decoration:underline;text-transform:uppercase\"><em>Cliquer ici pour voir les couleurs disponibles<\/em><\/p>\n\n\n\n<p class=\"has-text-align-center has-text-color has-link-color has-medium-font-size wp-elements-5812e189e30ceeec99d0d3194fb4cdec\" style=\"color:#3153aa;text-transform:uppercase\"><strong>Tailles et tarifs<\/strong><\/p>\n\n\n\n<figure class=\"wp-block-table is-style-regular\" style=\"margin-top:0;margin-right:var(--wp--preset--spacing--80);margin-bottom:0;margin-left:var(--wp--preset--spacing--80);font-size:14px;font-style:normal;font-weight:500;line-height:1.4\"><table class=\"has-theme-1-background-color has-background\" style=\"border-width:1px\"><tbody><tr><td class=\"has-text-align-center\" data-align=\"center\"><strong>Taille<\/strong><\/td><td class=\"has-text-align-center\" data-align=\"center\"><strong>Dimensions<\/strong><\/td><td class=\"has-text-align-center\" data-align=\"center\"><strong>Tarif<\/strong><\/td><\/tr><tr><td class=\"has-text-align-center\" data-align=\"center\">XS<\/td><td class=\"has-text-align-center\" data-align=\"center\">20,5-28cm <br>(13mm d&#8217;\u00e9paisseur)<\/td><td class=\"has-text-align-center\" data-align=\"center\">28 \u20ac<\/td><\/tr><tr><td class=\"has-text-align-center\" data-align=\"center\">S<\/td><td class=\"has-text-align-center\" data-align=\"center\">28-38cm <br>(19mm d&#8217;\u00e9paisseur)<\/td><td class=\"has-text-align-center\" data-align=\"center\">29 \u20ac<\/td><\/tr><tr><td class=\"has-text-align-center\" data-align=\"center\">M<\/td><td class=\"has-text-align-center\" data-align=\"center\">38-48cm <br>(25mm d&#8217;\u00e9paisseur)<\/td><td class=\"has-text-align-center\" data-align=\"center\">35 \u20ac<\/td><\/tr><tr><td class=\"has-text-align-center\" data-align=\"center\">L<\/td><td class=\"has-text-align-center\" data-align=\"center\">48-58cm <br>(25mm d&#8217;\u00e9paisseur)<\/td><td class=\"has-text-align-center\" data-align=\"center\">36 \u20ac<\/td><\/tr><tr><td class=\"has-text-align-center\" data-align=\"center\">XL<\/td><td class=\"has-text-align-center\" data-align=\"center\">58-68cm <br>(25mm d&#8217;\u00e9paisseur)<\/td><td class=\"has-text-align-center\" data-align=\"center\">37 \u20ac<\/td><\/tr><\/tbody><\/table><\/figure>\n\n\n\n<p class=\"has-text-align-center\" style=\"font-size:13px\"><em>Tous tarifs sont en euros et inclus le TVA et les frais de livraison.<\/em><\/p>\n\n\n\n<div class=\"wp-block-buttons is-content-justification-center is-layout-flex wp-container-core-buttons-is-layout-a89b3969 wp-block-buttons-is-layout-flex\">\n<div class=\"wp-block-button is-style-outline is-style-outline--2\"><a class=\"wp-block-button__link wp-element-button\" href=\"http:\/\/www.marlyandco.com\/#notreselection\">RETOUR<\/a><\/div>\n<\/div>\n","protected":false},"excerpt":{"rendered":"<p>Nos colliers simples en biothane sont con\u00e7us pour allier&nbsp;\u00e9l\u00e9gance, confort et praticit\u00e9&nbsp;au quotidien. R\u00e9alis\u00e9s sur mesure, ils sont disponibles en&nbsp;taille et couleur au choix, afin de s\u2019adapter parfaitement \u00e0 votre chien et \u00e0 vos envies. Vous pouvez \u00e9galement choisir la&nbsp;bouclerie&nbsp;selon vos pr\u00e9f\u00e9rences :&nbsp;laiton&nbsp;ou&nbsp;acier inoxydable. Le biothane est une mati\u00e8re tr\u00e8s appr\u00e9ci\u00e9e pour ses nombreuses qualit\u00e9s. [&hellip;]<\/p>\n","protected":false},"author":1,"featured_media":0,"parent":0,"menu_order":0,"comment_status":"closed","ping_status":"closed","template":"","meta":{"footnotes":""},"class_list":["post-132","page","type-page","status-publish","hentry"],"_links":{"self":[{"href":"https:\/\/marlyandco.com\/index.php\/wp-json\/wp\/v2\/pages\/132","targetHints":{"allow":["GET"]}}],"collection":[{"href":"https:\/\/marlyandco.com\/index.php\/wp-json\/wp\/v2\/pages"}],"about":[{"href":"https:\/\/marlyandco.com\/index.php\/wp-json\/wp\/v2\/types\/page"}],"author":[{"embeddable":true,"href":"https:\/\/marlyandco.com\/index.php\/wp-json\/wp\/v2\/users\/1"}],"replies":[{"embeddable":true,"href":"https:\/\/marlyandco.com\/index.php\/wp-json\/wp\/v2\/comments?post=132"}],"version-history":[{"count":18,"href":"https:\/\/marlyandco.com\/index.php\/wp-json\/wp\/v2\/pages\/132\/revisions"}],"predecessor-version":[{"id":282,"href":"https:\/\/marlyandco.com\/index.php\/wp-json\/wp\/v2\/pages\/132\/revisions\/282"}],"wp:attachment":[{"href":"https:\/\/marlyandco.com\/index.php\/wp-json\/wp\/v2\/media?parent=132"}],"curies":[{"name":"wp","href":"https:\/\/api.w.org\/{rel}","templated":true}]}}