{"id":116,"date":"2026-03-16T14:59:36","date_gmt":"2026-03-16T14:59:36","guid":{"rendered":"https:\/\/marlyandco.com\/?page_id=116"},"modified":"2026-03-23T20:11:15","modified_gmt":"2026-03-23T20:11:15","slug":"laissemultip","status":"publish","type":"page","link":"https:\/\/marlyandco.com\/index.php\/laissemultip\/","title":{"rendered":"Laisse Multi-Positions en biothane"},"content":{"rendered":"\n<figure class=\"wp-block-gallery has-nested-images columns-2 is-cropped wp-block-gallery-1 is-layout-flex wp-block-gallery-is-layout-flex\">\n<figure class=\"wp-block-image size-large\"><img loading=\"lazy\" decoding=\"async\" width=\"683\" height=\"1024\" data-id=\"52\" src=\"https:\/\/marlyandco.com\/wp-content\/uploads\/2026\/03\/image0-683x1024.jpeg\" alt=\"\" class=\"wp-image-52\" style=\"aspect-ratio:4\/3\" srcset=\"https:\/\/marlyandco.com\/wp-content\/uploads\/2026\/03\/image0-683x1024.jpeg 683w, https:\/\/marlyandco.com\/wp-content\/uploads\/2026\/03\/image0-200x300.jpeg 200w, https:\/\/marlyandco.com\/wp-content\/uploads\/2026\/03\/image0-768x1152.jpeg 768w, https:\/\/marlyandco.com\/wp-content\/uploads\/2026\/03\/image0-1024x1536.jpeg 1024w, https:\/\/marlyandco.com\/wp-content\/uploads\/2026\/03\/image0.jpeg 1201w\" sizes=\"auto, (max-width: 683px) 100vw, 683px\" \/><\/figure>\n\n\n\n<figure class=\"wp-block-image size-large\"><img loading=\"lazy\" decoding=\"async\" width=\"682\" height=\"1024\" data-id=\"60\" src=\"https:\/\/marlyandco.com\/wp-content\/uploads\/2026\/03\/image3-682x1024.jpeg\" alt=\"\" class=\"wp-image-60\" style=\"aspect-ratio:4\/3\" srcset=\"https:\/\/marlyandco.com\/wp-content\/uploads\/2026\/03\/image3-682x1024.jpeg 682w, https:\/\/marlyandco.com\/wp-content\/uploads\/2026\/03\/image3-200x300.jpeg 200w, https:\/\/marlyandco.com\/wp-content\/uploads\/2026\/03\/image3-768x1153.jpeg 768w, https:\/\/marlyandco.com\/wp-content\/uploads\/2026\/03\/image3-1023x1536.jpeg 1023w, https:\/\/marlyandco.com\/wp-content\/uploads\/2026\/03\/image3.jpeg 1100w\" sizes=\"auto, (max-width: 682px) 100vw, 682px\" \/><\/figure>\n<\/figure>\n\n\n\n<p>Pratiques, polyvalentes et r\u00e9sistantes, nos laisses&nbsp;<strong>multipositions en biothane<\/strong>&nbsp;de 3 m\u00e8tres sont pens\u00e9es pour s\u2019adapter \u00e0 tous vos besoins du quotidien. Gr\u00e2ce \u00e0 leur syst\u00e8me&nbsp;<strong>3 points<\/strong>, elles peuvent \u00eatre utilis\u00e9es de diff\u00e9rentes fa\u00e7ons :&nbsp;<strong>courtes, longues ou mains libres<\/strong>, selon vos habitudes et vos promenades.<\/p>\n\n\n\n<p>Disponibles en plusieurs&nbsp;<strong>couleurs au choix<\/strong>, elles peuvent \u00eatre confectionn\u00e9es avec une&nbsp;<strong>bouclerie en laiton<\/strong>&nbsp;ou en&nbsp;<strong>acier inoxydable<\/strong>.<\/p>\n\n\n\n<p>Nos laisses sont propos\u00e9es en plusieurs \u00e9paisseurs afin de convenir aux&nbsp;<strong>tr\u00e8s petits chiens<\/strong>, aux&nbsp;<strong>petits chiens<\/strong>&nbsp;et aux&nbsp;<strong>chiens moyens et grands<\/strong>.<\/p>\n\n\n\n<p>Le biothane est une mati\u00e8re id\u00e9ale pour les promenades du quotidien : il est r\u00e9sistant, souple, imperm\u00e9able, facile \u00e0 nettoyer et ne garde pas les odeurs. M\u00eame apr\u00e8s une balade sous la pluie ou dans la boue, un simple coup d\u2019\u00e9ponge suffit.<\/p>\n\n\n\n<p>Une laisse \u00e0 la fois belle, fonctionnelle et durable, pour vous accompagner partout avec votre chien.<\/p>\n\n\n\n<p class=\"has-text-align-center has-text-color has-link-color popmake-211 wp-elements-2820c631704aab69be0aaa57a1f82ecd\" style=\"color:#3153aa;font-size:clamp(14px, 0.875rem + ((1vw - 3.2px) * 0.208), 16px);text-decoration:underline;text-transform:uppercase\"><strong><em>Cliquer ici pour voir les couleurs disponibles<\/em><\/strong><\/p>\n\n\n\n<p class=\"has-text-align-center has-text-color has-link-color has-medium-font-size wp-elements-1c61c746421e4a96284e1a9d37ae9247\" style=\"color:#3153aa\"><strong>Tailles et tarifs<\/strong><\/p>\n\n\n\n<figure class=\"wp-block-table is-style-regular\" style=\"margin-top:0;margin-right:var(--wp--preset--spacing--80);margin-bottom:0;margin-left:var(--wp--preset--spacing--80);font-size:14px\"><table class=\"has-theme-1-background-color has-background has-fixed-layout\" style=\"border-width:1px\"><tbody><tr><td class=\"has-text-align-center\" data-align=\"center\"><strong>Taille<\/strong><\/td><td class=\"has-text-align-center\" data-align=\"center\"><strong>Dimensions<\/strong><\/td><td class=\"has-text-align-center\" data-align=\"center\"><strong>Tarif<\/strong><\/td><\/tr><tr><td class=\"has-text-align-center\" data-align=\"center\">Tr\u00e8s petit<\/td><td class=\"has-text-align-center\" data-align=\"center\">3 m\u00e8tres <br>(9mm d&#8217;\u00e8paisseur)<\/td><td class=\"has-text-align-center\" data-align=\"center\">64 \u20ac<\/td><\/tr><tr><td class=\"has-text-align-center\" data-align=\"center\">Petit<\/td><td class=\"has-text-align-center\" data-align=\"center\">3 m\u00e8tres <br>(13mm d&#8217;\u00e8paisseur)<\/td><td class=\"has-text-align-center\" data-align=\"center\">67 \u20ac<\/td><\/tr><tr><td class=\"has-text-align-center\" data-align=\"center\">Moyen-Grand<\/td><td class=\"has-text-align-center\" data-align=\"center\">3 m\u00e8tres <br>(19mm d&#8217;\u00e8paisseur)<\/td><td class=\"has-text-align-center\" data-align=\"center\">79 \u20ac<\/td><\/tr><\/tbody><\/table><\/figure>\n\n\n\n<p class=\"has-text-align-center\" style=\"font-size:13px\"><em>Tous tarifs sont en euros et inclus le TVA et les frais de livraison <\/em><\/p>\n\n\n\n<div class=\"wp-block-buttons is-content-justification-center is-layout-flex wp-container-core-buttons-is-layout-a89b3969 wp-block-buttons-is-layout-flex\">\n<div class=\"wp-block-button is-style-outline is-style-outline--2\"><a class=\"wp-block-button__link wp-element-button\" href=\"http:\/\/www.marlyandco.com\/#notreselection\">RETOUR<\/a><\/div>\n<\/div>\n\n\n\n<div class=\"wp-block-group alignfull is-style-section-1 has-global-padding is-content-justification-center is-layout-constrained wp-block-group-is-layout-constrained is-style-section-1--3\">\n<p><\/p>\n<\/div>\n","protected":false},"excerpt":{"rendered":"<p>Pratiques, polyvalentes et r\u00e9sistantes, nos laisses&nbsp;multipositions en biothane&nbsp;de 3 m\u00e8tres sont pens\u00e9es pour s\u2019adapter \u00e0 tous vos besoins du quotidien. Gr\u00e2ce \u00e0 leur syst\u00e8me&nbsp;3 points, elles peuvent \u00eatre utilis\u00e9es de diff\u00e9rentes fa\u00e7ons :&nbsp;courtes, longues ou mains libres, selon vos habitudes et vos promenades. Disponibles en plusieurs&nbsp;couleurs au choix, elles peuvent \u00eatre confectionn\u00e9es avec une&nbsp;bouclerie en [&hellip;]<\/p>\n","protected":false},"author":1,"featured_media":0,"parent":0,"menu_order":0,"comment_status":"closed","ping_status":"closed","template":"","meta":{"footnotes":""},"class_list":["post-116","page","type-page","status-publish","hentry"],"_links":{"self":[{"href":"https:\/\/marlyandco.com\/index.php\/wp-json\/wp\/v2\/pages\/116","targetHints":{"allow":["GET"]}}],"collection":[{"href":"https:\/\/marlyandco.com\/index.php\/wp-json\/wp\/v2\/pages"}],"about":[{"href":"https:\/\/marlyandco.com\/index.php\/wp-json\/wp\/v2\/types\/page"}],"author":[{"embeddable":true,"href":"https:\/\/marlyandco.com\/index.php\/wp-json\/wp\/v2\/users\/1"}],"replies":[{"embeddable":true,"href":"https:\/\/marlyandco.com\/index.php\/wp-json\/wp\/v2\/comments?post=116"}],"version-history":[{"count":14,"href":"https:\/\/marlyandco.com\/index.php\/wp-json\/wp\/v2\/pages\/116\/revisions"}],"predecessor-version":[{"id":281,"href":"https:\/\/marlyandco.com\/index.php\/wp-json\/wp\/v2\/pages\/116\/revisions\/281"}],"wp:attachment":[{"href":"https:\/\/marlyandco.com\/index.php\/wp-json\/wp\/v2\/media?parent=116"}],"curies":[{"name":"wp","href":"https:\/\/api.w.org\/{rel}","templated":true}]}}